{"id":533,"date":"2018-01-22T20:01:30","date_gmt":"2018-01-22T20:01:30","guid":{"rendered":"https:\/\/romanticpalace.com\/restaurant\/"},"modified":"2020-12-30T10:48:00","modified_gmt":"2020-12-30T10:48:00","slug":"restaurant","status":"publish","type":"page","link":"https:\/\/romanticpalace.com\/de\/restaurant\/","title":{"rendered":"Restaurant"},"content":{"rendered":"<p style=\"text-align: center;\">In unserem Restaurant erleben Sie den Geschmack von hausgemachten korfiotischen Gerichten, Meeresfr\u00fcchten und anderen mediterranen Aromen. Jede Mahlzeit wird t\u00e4glich mit Sorgfalt und Aufmerksamkeit und frischen Zutaten aus Bio-Produkten zubereitet. Unser aufmerksames Personal sorgt daf\u00fcr, dass Ihr kulinarisches Erlebnis alles ist, was Sie von einem guten Restaurant erwarten. Die K\u00fcche ist den ganzen Tag ge\u00f6ffnet, zum Fr\u00fchst\u00fcck, Mittag- und Abendessen sowie zum Service am Strand. Genie\u00dfen Sie einen atemberaubenden Blick und Sonnenuntergang bei einem erfrischenden Cocktail.<\/p>\n<p><a href=\"https:\/\/www.tripadvisor.com.gr\/Restaurant_Review-g1191902-d4334881-Reviews-Romantic_Palace-Agios_Gordios_Corfu_Ionian_Islands.html\"><img loading=\"lazy\" decoding=\"async\" class=\"aligncenter wp-image-293\" src=\"https:\/\/romanticpalace.com\/wp-content\/uploads\/2018\/01\/certificate-100x100.jpg\" alt=\"\" width=\"100\" height=\"100\" srcset=\"https:\/\/romanticpalace.com\/wp-content\/uploads\/2018\/01\/certificate-100x100.jpg 100w, https:\/\/romanticpalace.com\/wp-content\/uploads\/2018\/01\/certificate-150x150.jpg 150w, https:\/\/romanticpalace.com\/wp-content\/uploads\/2018\/01\/certificate-300x300.jpg 300w, https:\/\/romanticpalace.com\/wp-content\/uploads\/2018\/01\/certificate-768x768.jpg 768w, https:\/\/romanticpalace.com\/wp-content\/uploads\/2018\/01\/certificate-750x750.jpg 750w, https:\/\/romanticpalace.com\/wp-content\/uploads\/2018\/01\/certificate.jpg 960w\" sizes=\"auto, (max-width: 100px) 100vw, 100px\" \/><\/a><\/p>\n<div id='gallery-1' class='gallery galleryid-533 gallery-columns-3 gallery-size-medium'><figure class='gallery-item'>\n\t\t\t<div class='gallery-icon landscape'>\n\t\t\t\t<a href='https:\/\/romanticpalace.com\/wp-content\/uploads\/2020\/12\/CKI_2195.jpg' data-lightbox=\"gal[533]\"><img loading=\"lazy\" decoding=\"async\" width=\"300\" height=\"199\" src=\"https:\/\/romanticpalace.com\/wp-content\/uploads\/2020\/12\/CKI_2195-300x199.jpg\" class=\"attachment-medium size-medium\" alt=\"\" srcset=\"https:\/\/romanticpalace.com\/wp-content\/uploads\/2020\/12\/CKI_2195-300x199.jpg 300w, https:\/\/romanticpalace.com\/wp-content\/uploads\/2020\/12\/CKI_2195-768x510.jpg 768w, https:\/\/romanticpalace.com\/wp-content\/uploads\/2020\/12\/CKI_2195-452x300.jpg 452w, https:\/\/romanticpalace.com\/wp-content\/uploads\/2020\/12\/CKI_2195.jpg 900w\" sizes=\"auto, (max-width: 300px) 100vw, 300px\" \/><\/a>\n\t\t\t<\/div><\/figure><figure class='gallery-item'>\n\t\t\t<div class='gallery-icon landscape'>\n\t\t\t\t<a href='https:\/\/romanticpalace.com\/wp-content\/uploads\/2020\/12\/CKI_2080.jpg' data-lightbox=\"gal[533]\"><img loading=\"lazy\" decoding=\"async\" width=\"300\" height=\"199\" src=\"https:\/\/romanticpalace.com\/wp-content\/uploads\/2020\/12\/CKI_2080-300x199.jpg\" class=\"attachment-medium size-medium\" alt=\"\" srcset=\"https:\/\/romanticpalace.com\/wp-content\/uploads\/2020\/12\/CKI_2080-300x199.jpg 300w, https:\/\/romanticpalace.com\/wp-content\/uploads\/2020\/12\/CKI_2080-768x510.jpg 768w, https:\/\/romanticpalace.com\/wp-content\/uploads\/2020\/12\/CKI_2080-452x300.jpg 452w, https:\/\/romanticpalace.com\/wp-content\/uploads\/2020\/12\/CKI_2080.jpg 900w\" sizes=\"auto, (max-width: 300px) 100vw, 300px\" \/><\/a>\n\t\t\t<\/div><\/figure><figure class='gallery-item'>\n\t\t\t<div class='gallery-icon landscape'>\n\t\t\t\t<a href='https:\/\/romanticpalace.com\/wp-content\/uploads\/2020\/12\/CKI_2131.jpg' data-lightbox=\"gal[533]\"><img loading=\"lazy\" decoding=\"async\" width=\"300\" height=\"199\" src=\"https:\/\/romanticpalace.com\/wp-content\/uploads\/2020\/12\/CKI_2131-300x199.jpg\" class=\"attachment-medium size-medium\" alt=\"\" srcset=\"https:\/\/romanticpalace.com\/wp-content\/uploads\/2020\/12\/CKI_2131-300x199.jpg 300w, https:\/\/romanticpalace.com\/wp-content\/uploads\/2020\/12\/CKI_2131-768x510.jpg 768w, https:\/\/romanticpalace.com\/wp-content\/uploads\/2020\/12\/CKI_2131-452x300.jpg 452w, https:\/\/romanticpalace.com\/wp-content\/uploads\/2020\/12\/CKI_2131.jpg 900w\" sizes=\"auto, (max-width: 300px) 100vw, 300px\" \/><\/a>\n\t\t\t<\/div><\/figure><figure class='gallery-item'>\n\t\t\t<div class='gallery-icon landscape'>\n\t\t\t\t<a href='https:\/\/romanticpalace.com\/wp-content\/uploads\/2020\/12\/CKI_2268.jpg' data-lightbox=\"gal[533]\"><img loading=\"lazy\" decoding=\"async\" width=\"300\" height=\"199\" src=\"https:\/\/romanticpalace.com\/wp-content\/uploads\/2020\/12\/CKI_2268-300x199.jpg\" class=\"attachment-medium size-medium\" alt=\"\" srcset=\"https:\/\/romanticpalace.com\/wp-content\/uploads\/2020\/12\/CKI_2268-300x199.jpg 300w, https:\/\/romanticpalace.com\/wp-content\/uploads\/2020\/12\/CKI_2268-768x510.jpg 768w, https:\/\/romanticpalace.com\/wp-content\/uploads\/2020\/12\/CKI_2268-452x300.jpg 452w, https:\/\/romanticpalace.com\/wp-content\/uploads\/2020\/12\/CKI_2268.jpg 900w\" sizes=\"auto, (max-width: 300px) 100vw, 300px\" \/><\/a>\n\t\t\t<\/div><\/figure><figure class='gallery-item'>\n\t\t\t<div class='gallery-icon landscape'>\n\t\t\t\t<a href='https:\/\/romanticpalace.com\/wp-content\/uploads\/2020\/12\/CKI_2279.jpg' data-lightbox=\"gal[533]\"><img loading=\"lazy\" decoding=\"async\" width=\"300\" height=\"199\" src=\"https:\/\/romanticpalace.com\/wp-content\/uploads\/2020\/12\/CKI_2279-300x199.jpg\" class=\"attachment-medium size-medium\" alt=\"\" srcset=\"https:\/\/romanticpalace.com\/wp-content\/uploads\/2020\/12\/CKI_2279-300x199.jpg 300w, https:\/\/romanticpalace.com\/wp-content\/uploads\/2020\/12\/CKI_2279-768x510.jpg 768w, https:\/\/romanticpalace.com\/wp-content\/uploads\/2020\/12\/CKI_2279-452x300.jpg 452w, https:\/\/romanticpalace.com\/wp-content\/uploads\/2020\/12\/CKI_2279.jpg 900w\" sizes=\"auto, (max-width: 300px) 100vw, 300px\" \/><\/a>\n\t\t\t<\/div><\/figure><figure class='gallery-item'>\n\t\t\t<div class='gallery-icon landscape'>\n\t\t\t\t<a href='https:\/\/romanticpalace.com\/wp-content\/uploads\/2020\/12\/CKI_7058.jpg' data-lightbox=\"gal[533]\"><img loading=\"lazy\" decoding=\"async\" width=\"300\" height=\"199\" src=\"https:\/\/romanticpalace.com\/wp-content\/uploads\/2020\/12\/CKI_7058-300x199.jpg\" class=\"attachment-medium size-medium\" alt=\"\" srcset=\"https:\/\/romanticpalace.com\/wp-content\/uploads\/2020\/12\/CKI_7058-300x199.jpg 300w, https:\/\/romanticpalace.com\/wp-content\/uploads\/2020\/12\/CKI_7058-768x510.jpg 768w, https:\/\/romanticpalace.com\/wp-content\/uploads\/2020\/12\/CKI_7058-452x300.jpg 452w, https:\/\/romanticpalace.com\/wp-content\/uploads\/2020\/12\/CKI_7058.jpg 900w\" sizes=\"auto, (max-width: 300px) 100vw, 300px\" \/><\/a>\n\t\t\t<\/div><\/figure><figure class='gallery-item'>\n\t\t\t<div class='gallery-icon landscape'>\n\t\t\t\t<a href='https:\/\/romanticpalace.com\/wp-content\/uploads\/2020\/12\/CKI_7091.jpg' data-lightbox=\"gal[533]\"><img loading=\"lazy\" decoding=\"async\" width=\"300\" height=\"199\" src=\"https:\/\/romanticpalace.com\/wp-content\/uploads\/2020\/12\/CKI_7091-300x199.jpg\" class=\"attachment-medium size-medium\" alt=\"\" srcset=\"https:\/\/romanticpalace.com\/wp-content\/uploads\/2020\/12\/CKI_7091-300x199.jpg 300w, https:\/\/romanticpalace.com\/wp-content\/uploads\/2020\/12\/CKI_7091-768x510.jpg 768w, https:\/\/romanticpalace.com\/wp-content\/uploads\/2020\/12\/CKI_7091-452x300.jpg 452w, https:\/\/romanticpalace.com\/wp-content\/uploads\/2020\/12\/CKI_7091.jpg 900w\" sizes=\"auto, (max-width: 300px) 100vw, 300px\" \/><\/a>\n\t\t\t<\/div><\/figure><figure class='gallery-item'>\n\t\t\t<div class='gallery-icon landscape'>\n\t\t\t\t<a href='https:\/\/romanticpalace.com\/wp-content\/uploads\/2020\/12\/CKI_7095.jpg' data-lightbox=\"gal[533]\"><img loading=\"lazy\" decoding=\"async\" width=\"300\" height=\"199\" src=\"https:\/\/romanticpalace.com\/wp-content\/uploads\/2020\/12\/CKI_7095-300x199.jpg\" class=\"attachment-medium size-medium\" alt=\"\" srcset=\"https:\/\/romanticpalace.com\/wp-content\/uploads\/2020\/12\/CKI_7095-300x199.jpg 300w, https:\/\/romanticpalace.com\/wp-content\/uploads\/2020\/12\/CKI_7095-768x510.jpg 768w, https:\/\/romanticpalace.com\/wp-content\/uploads\/2020\/12\/CKI_7095-452x300.jpg 452w, https:\/\/romanticpalace.com\/wp-content\/uploads\/2020\/12\/CKI_7095.jpg 900w\" sizes=\"auto, (max-width: 300px) 100vw, 300px\" \/><\/a>\n\t\t\t<\/div><\/figure><figure class='gallery-item'>\n\t\t\t<div class='gallery-icon landscape'>\n\t\t\t\t<a href='https:\/\/romanticpalace.com\/wp-content\/uploads\/2020\/12\/CKI_7063.jpg' data-lightbox=\"gal[533]\"><img loading=\"lazy\" decoding=\"async\" width=\"300\" height=\"199\" src=\"https:\/\/romanticpalace.com\/wp-content\/uploads\/2020\/12\/CKI_7063-300x199.jpg\" class=\"attachment-medium size-medium\" alt=\"\" srcset=\"https:\/\/romanticpalace.com\/wp-content\/uploads\/2020\/12\/CKI_7063-300x199.jpg 300w, https:\/\/romanticpalace.com\/wp-content\/uploads\/2020\/12\/CKI_7063-768x510.jpg 768w, https:\/\/romanticpalace.com\/wp-content\/uploads\/2020\/12\/CKI_7063-452x300.jpg 452w, https:\/\/romanticpalace.com\/wp-content\/uploads\/2020\/12\/CKI_7063.jpg 900w\" sizes=\"auto, (max-width: 300px) 100vw, 300px\" \/><\/a>\n\t\t\t<\/div><\/figure><figure class='gallery-item'>\n\t\t\t<div class='gallery-icon landscape'>\n\t\t\t\t<a href='https:\/\/romanticpalace.com\/wp-content\/uploads\/2020\/12\/CKI_7141.jpg' data-lightbox=\"gal[533]\"><img loading=\"lazy\" decoding=\"async\" width=\"300\" height=\"199\" src=\"https:\/\/romanticpalace.com\/wp-content\/uploads\/2020\/12\/CKI_7141-300x199.jpg\" class=\"attachment-medium size-medium\" alt=\"\" srcset=\"https:\/\/romanticpalace.com\/wp-content\/uploads\/2020\/12\/CKI_7141-300x199.jpg 300w, https:\/\/romanticpalace.com\/wp-content\/uploads\/2020\/12\/CKI_7141-768x510.jpg 768w, https:\/\/romanticpalace.com\/wp-content\/uploads\/2020\/12\/CKI_7141-452x300.jpg 452w, https:\/\/romanticpalace.com\/wp-content\/uploads\/2020\/12\/CKI_7141.jpg 900w\" sizes=\"auto, (max-width: 300px) 100vw, 300px\" \/><\/a>\n\t\t\t<\/div><\/figure><figure class='gallery-item'>\n\t\t\t<div class='gallery-icon landscape'>\n\t\t\t\t<a href='https:\/\/romanticpalace.com\/wp-content\/uploads\/2020\/12\/CKI_7262.jpg' data-lightbox=\"gal[533]\"><img loading=\"lazy\" decoding=\"async\" width=\"300\" height=\"199\" src=\"https:\/\/romanticpalace.com\/wp-content\/uploads\/2020\/12\/CKI_7262-300x199.jpg\" class=\"attachment-medium size-medium\" alt=\"\" srcset=\"https:\/\/romanticpalace.com\/wp-content\/uploads\/2020\/12\/CKI_7262-300x199.jpg 300w, https:\/\/romanticpalace.com\/wp-content\/uploads\/2020\/12\/CKI_7262-768x510.jpg 768w, https:\/\/romanticpalace.com\/wp-content\/uploads\/2020\/12\/CKI_7262-452x300.jpg 452w, https:\/\/romanticpalace.com\/wp-content\/uploads\/2020\/12\/CKI_7262.jpg 900w\" sizes=\"auto, (max-width: 300px) 100vw, 300px\" \/><\/a>\n\t\t\t<\/div><\/figure><figure class='gallery-item'>\n\t\t\t<div class='gallery-icon landscape'>\n\t\t\t\t<a href='https:\/\/romanticpalace.com\/wp-content\/uploads\/2020\/12\/CKI4383.jpg' data-lightbox=\"gal[533]\"><img loading=\"lazy\" decoding=\"async\" width=\"300\" height=\"200\" src=\"https:\/\/romanticpalace.com\/wp-content\/uploads\/2020\/12\/CKI4383-300x200.jpg\" class=\"attachment-medium size-medium\" alt=\"\" srcset=\"https:\/\/romanticpalace.com\/wp-content\/uploads\/2020\/12\/CKI4383-300x200.jpg 300w, https:\/\/romanticpalace.com\/wp-content\/uploads\/2020\/12\/CKI4383-768x512.jpg 768w, https:\/\/romanticpalace.com\/wp-content\/uploads\/2020\/12\/CKI4383-450x300.jpg 450w, https:\/\/romanticpalace.com\/wp-content\/uploads\/2020\/12\/CKI4383.jpg 900w\" sizes=\"auto, (max-width: 300px) 100vw, 300px\" \/><\/a>\n\t\t\t<\/div><\/figure><figure class='gallery-item'>\n\t\t\t<div class='gallery-icon landscape'>\n\t\t\t\t<a href='https:\/\/romanticpalace.com\/wp-content\/uploads\/2020\/12\/CKI4430.jpg' data-lightbox=\"gal[533]\"><img loading=\"lazy\" decoding=\"async\" width=\"300\" height=\"200\" src=\"https:\/\/romanticpalace.com\/wp-content\/uploads\/2020\/12\/CKI4430-300x200.jpg\" class=\"attachment-medium size-medium\" alt=\"\" srcset=\"https:\/\/romanticpalace.com\/wp-content\/uploads\/2020\/12\/CKI4430-300x200.jpg 300w, https:\/\/romanticpalace.com\/wp-content\/uploads\/2020\/12\/CKI4430-768x512.jpg 768w, https:\/\/romanticpalace.com\/wp-content\/uploads\/2020\/12\/CKI4430-450x300.jpg 450w, https:\/\/romanticpalace.com\/wp-content\/uploads\/2020\/12\/CKI4430.jpg 900w\" sizes=\"auto, (max-width: 300px) 100vw, 300px\" \/><\/a>\n\t\t\t<\/div><\/figure><figure class='gallery-item'>\n\t\t\t<div class='gallery-icon landscape'>\n\t\t\t\t<a href='https:\/\/romanticpalace.com\/wp-content\/uploads\/2020\/12\/CKI4438.jpg' data-lightbox=\"gal[533]\"><img loading=\"lazy\" decoding=\"async\" width=\"300\" height=\"200\" src=\"https:\/\/romanticpalace.com\/wp-content\/uploads\/2020\/12\/CKI4438-300x200.jpg\" class=\"attachment-medium size-medium\" alt=\"\" srcset=\"https:\/\/romanticpalace.com\/wp-content\/uploads\/2020\/12\/CKI4438-300x200.jpg 300w, https:\/\/romanticpalace.com\/wp-content\/uploads\/2020\/12\/CKI4438-768x512.jpg 768w, https:\/\/romanticpalace.com\/wp-content\/uploads\/2020\/12\/CKI4438-450x300.jpg 450w, https:\/\/romanticpalace.com\/wp-content\/uploads\/2020\/12\/CKI4438.jpg 900w\" sizes=\"auto, (max-width: 300px) 100vw, 300px\" \/><\/a>\n\t\t\t<\/div><\/figure><figure class='gallery-item'>\n\t\t\t<div class='gallery-icon landscape'>\n\t\t\t\t<a href='https:\/\/romanticpalace.com\/wp-content\/uploads\/2020\/12\/CKI_7165.jpg' data-lightbox=\"gal[533]\"><img loading=\"lazy\" decoding=\"async\" width=\"300\" height=\"199\" src=\"https:\/\/romanticpalace.com\/wp-content\/uploads\/2020\/12\/CKI_7165-300x199.jpg\" class=\"attachment-medium size-medium\" alt=\"\" srcset=\"https:\/\/romanticpalace.com\/wp-content\/uploads\/2020\/12\/CKI_7165-300x199.jpg 300w, https:\/\/romanticpalace.com\/wp-content\/uploads\/2020\/12\/CKI_7165-768x510.jpg 768w, https:\/\/romanticpalace.com\/wp-content\/uploads\/2020\/12\/CKI_7165-452x300.jpg 452w, https:\/\/romanticpalace.com\/wp-content\/uploads\/2020\/12\/CKI_7165.jpg 900w\" sizes=\"auto, (max-width: 300px) 100vw, 300px\" \/><\/a>\n\t\t\t<\/div><\/figure><figure class='gallery-item'>\n\t\t\t<div class='gallery-icon landscape'>\n\t\t\t\t<a href='https:\/\/romanticpalace.com\/wp-content\/uploads\/2020\/12\/CKI_7231.jpg' data-lightbox=\"gal[533]\"><img loading=\"lazy\" decoding=\"async\" width=\"300\" height=\"199\" src=\"https:\/\/romanticpalace.com\/wp-content\/uploads\/2020\/12\/CKI_7231-300x199.jpg\" class=\"attachment-medium size-medium\" alt=\"\" srcset=\"https:\/\/romanticpalace.com\/wp-content\/uploads\/2020\/12\/CKI_7231-300x199.jpg 300w, https:\/\/romanticpalace.com\/wp-content\/uploads\/2020\/12\/CKI_7231-768x510.jpg 768w, https:\/\/romanticpalace.com\/wp-content\/uploads\/2020\/12\/CKI_7231-452x300.jpg 452w, https:\/\/romanticpalace.com\/wp-content\/uploads\/2020\/12\/CKI_7231.jpg 900w\" sizes=\"auto, (max-width: 300px) 100vw, 300px\" \/><\/a>\n\t\t\t<\/div><\/figure>\n\t\t<\/div>\n\n","protected":false},"excerpt":{"rendered":"<p>In unserem Restaurant erleben Sie den Geschmack von hausgemachten korfiotischen Gerichten, Meeresfr\u00fcchten und anderen mediterranen Aromen. Jede Mahlzeit wird t\u00e4glich mit Sorgfalt und Aufmerksamkeit und frischen Zutaten aus Bio-Produkten zubereitet. Unser aufmerksames Personal sorgt daf\u00fcr, dass Ihr kulinarisches Erlebnis alles ist, was Sie von einem guten Restaurant erwarten. Die K\u00fcche ist den ganzen Tag ge\u00f6ffnet, [&hellip;]<\/p>\n","protected":false},"author":1,"featured_media":0,"parent":0,"menu_order":0,"comment_status":"closed","ping_status":"closed","template":"template-fullwidth.php","meta":{"footnotes":""},"class_list":["post-533","page","type-page","status-publish","hentry"],"_links":{"self":[{"href":"https:\/\/romanticpalace.com\/de\/wp-json\/wp\/v2\/pages\/533","targetHints":{"allow":["GET"]}}],"collection":[{"href":"https:\/\/romanticpalace.com\/de\/wp-json\/wp\/v2\/pages"}],"about":[{"href":"https:\/\/romanticpalace.com\/de\/wp-json\/wp\/v2\/types\/page"}],"author":[{"embeddable":true,"href":"https:\/\/romanticpalace.com\/de\/wp-json\/wp\/v2\/users\/1"}],"replies":[{"embeddable":true,"href":"https:\/\/romanticpalace.com\/de\/wp-json\/wp\/v2\/comments?post=533"}],"version-history":[{"count":4,"href":"https:\/\/romanticpalace.com\/de\/wp-json\/wp\/v2\/pages\/533\/revisions"}],"predecessor-version":[{"id":926,"href":"https:\/\/romanticpalace.com\/de\/wp-json\/wp\/v2\/pages\/533\/revisions\/926"}],"wp:attachment":[{"href":"https:\/\/romanticpalace.com\/de\/wp-json\/wp\/v2\/media?parent=533"}],"curies":[{"name":"wp","href":"https:\/\/api.w.org\/{rel}","templated":true}]}}